{"id":3406,"date":"2024-12-05T13:39:39","date_gmt":"2024-12-05T11:39:39","guid":{"rendered":"https:\/\/cruffin.ee\/?post_type=product&#038;p=3406"},"modified":"2026-03-09T13:10:41","modified_gmt":"2026-03-09T10:10:41","slug":"cruffini-kleepsud","status":"publish","type":"product","link":"https:\/\/cruffin.ee\/en\/shop\/cruffini-kleepsud\/","title":{"rendered":"Cruffini kleepsud"},"content":{"rendered":"","protected":false},"excerpt":{"rendered":"<p>Kvaliteetsest paksemast materjalist kleepsud, 6tk.<\/p>","protected":false},"featured_media":3402,"template":"","meta":{"site-sidebar-layout":"default","site-content-layout":"","ast-site-content-layout":"default","site-content-style":"default","site-sidebar-style":"default","ast-global-header-display":"","ast-banner-title-visibility":"","ast-main-header-display":"","ast-hfb-above-header-display":"","ast-hfb-below-header-display":"","ast-hfb-mobile-header-display":"","site-post-title":"","ast-breadcrumbs-content":"","ast-featured-img":"","footer-sml-layout":"","ast-disable-related-posts":"","theme-transparent-header-meta":"default","adv-header-id-meta":"","stick-header-meta":"","header-above-stick-meta":"","header-main-stick-meta":"","header-below-stick-meta":"","astra-migrate-meta-layouts":"set","ast-page-background-enabled":"default","ast-page-background-meta":{"desktop":{"background-color":"","background-image":"","background-repeat":"repeat","background-position":"center center","background-size":"auto","background-attachment":"scroll","background-type":"","background-media":"","overlay-type":"","overlay-color":"","overlay-opacity":"","overlay-gradient":""},"tablet":{"background-color":"","background-image":"","background-repeat":"repeat","background-position":"center center","background-size":"auto","background-attachment":"scroll","background-type":"","background-media":"","overlay-type":"","overlay-color":"","overlay-opacity":"","overlay-gradient":""},"mobile":{"background-color":"","background-image":"","background-repeat":"repeat","background-position":"center center","background-size":"auto","background-attachment":"scroll","background-type":"","background-media":"","overlay-type":"","overlay-color":"","overlay-opacity":"","overlay-gradient":""}},"ast-content-background-meta":{"desktop":{"background-color":"var(--ast-global-color-5)","background-image":"","background-repeat":"repeat","background-position":"center center","background-size":"auto","background-attachment":"scroll","background-type":"","background-media":"","overlay-type":"","overlay-color":"","overlay-opacity":"","overlay-gradient":""},"tablet":{"background-color":"var(--ast-global-color-5)","background-image":"","background-repeat":"repeat","background-position":"center center","background-size":"auto","background-attachment":"scroll","background-type":"","background-media":"","overlay-type":"","overlay-color":"","overlay-opacity":"","overlay-gradient":""},"mobile":{"background-color":"var(--ast-global-color-5)","background-image":"","background-repeat":"repeat","background-position":"center center","background-size":"auto","background-attachment":"scroll","background-type":"","background-media":"","overlay-type":"","overlay-color":"","overlay-opacity":"","overlay-gradient":""}}},"product_brand":[],"product_cat":[74,75],"product_tag":[],"class_list":{"0":"post-3406","1":"product","2":"type-product","3":"status-publish","4":"has-post-thumbnail","6":"product_cat-aparaaditehas","7":"product_cat-raekoja-plats","8":"desktop-align-left","9":"tablet-align-left","10":"mobile-align-left","12":"first","13":"instock","14":"shipping-taxable","15":"purchasable","16":"product-type-simple"},"yoast_head":"<!-- This site is optimized with the Yoast SEO plugin v27.3 - https:\/\/yoast.com\/product\/yoast-seo-wordpress\/ -->\n<title>Cruffini kleepsud - Cruffin Saiatehas<\/title>\n<meta name=\"description\" content=\"Kleepsud suurimale Cruffini-f\u00e4nnile! Kaneelirull sinu l\u00e4paka peal? Cappuccino m\u00e4rkmiku esikaanel? Ikka saab! Telli kohe e-poest.\" \/>\n<meta name=\"robots\" content=\"index, follow, max-snippet:-1, max-image-preview:large, max-video-preview:-1\" \/>\n<link rel=\"canonical\" href=\"https:\/\/cruffin.ee\/en\/shop\/cruffini-kleepsud\/\" \/>\n<meta property=\"og:locale\" content=\"en_GB\" \/>\n<meta property=\"og:type\" content=\"article\" \/>\n<meta property=\"og:title\" content=\"Cruffini kleepsud - Cruffin Saiatehas\" \/>\n<meta property=\"og:description\" content=\"Kleepsud suurimale Cruffini-f\u00e4nnile! Kaneelirull sinu l\u00e4paka peal? Cappuccino m\u00e4rkmiku esikaanel? Ikka saab! Telli kohe e-poest.\" \/>\n<meta property=\"og:url\" content=\"https:\/\/cruffin.ee\/en\/shop\/cruffini-kleepsud\/\" \/>\n<meta property=\"og:site_name\" content=\"Cruffin Saiatehas\" \/>\n<meta property=\"article:modified_time\" content=\"2026-03-09T10:10:41+00:00\" \/>\n<meta property=\"og:image\" content=\"https:\/\/cruffin.ee\/wp-content\/uploads\/2024\/12\/IMG_2086.jpg\" \/>\n\t<meta property=\"og:image:width\" content=\"1536\" \/>\n\t<meta property=\"og:image:height\" content=\"2048\" \/>\n\t<meta property=\"og:image:type\" content=\"image\/jpeg\" \/>\n<meta name=\"twitter:card\" content=\"summary_large_image\" \/>\n<meta name=\"twitter:label1\" content=\"Estimated reading time\" \/>\n\t<meta name=\"twitter:data1\" content=\"1 minute\" \/>\n<script type=\"application\/ld+json\" class=\"yoast-schema-graph\">{\"@context\":\"https:\\\/\\\/schema.org\",\"@graph\":[{\"@type\":\"WebPage\",\"@id\":\"https:\\\/\\\/cruffin.ee\\\/shop\\\/cruffini-kleepsud\\\/\",\"url\":\"https:\\\/\\\/cruffin.ee\\\/shop\\\/cruffini-kleepsud\\\/\",\"name\":\"Cruffini kleepsud - Cruffin Saiatehas\",\"isPartOf\":{\"@id\":\"https:\\\/\\\/cruffin.ee\\\/#website\"},\"primaryImageOfPage\":{\"@id\":\"https:\\\/\\\/cruffin.ee\\\/shop\\\/cruffini-kleepsud\\\/#primaryimage\"},\"image\":{\"@id\":\"https:\\\/\\\/cruffin.ee\\\/shop\\\/cruffini-kleepsud\\\/#primaryimage\"},\"thumbnailUrl\":\"https:\\\/\\\/cruffin.ee\\\/wp-content\\\/uploads\\\/2024\\\/12\\\/IMG_2086.jpg\",\"datePublished\":\"2024-12-05T11:39:39+00:00\",\"dateModified\":\"2026-03-09T10:10:41+00:00\",\"description\":\"Kleepsud suurimale Cruffini-f\u00e4nnile! Kaneelirull sinu l\u00e4paka peal? Cappuccino m\u00e4rkmiku esikaanel? Ikka saab! Telli kohe e-poest.\",\"breadcrumb\":{\"@id\":\"https:\\\/\\\/cruffin.ee\\\/shop\\\/cruffini-kleepsud\\\/#breadcrumb\"},\"inLanguage\":\"en-GB\",\"potentialAction\":[{\"@type\":\"ReadAction\",\"target\":[\"https:\\\/\\\/cruffin.ee\\\/shop\\\/cruffini-kleepsud\\\/\"]}]},{\"@type\":\"ImageObject\",\"inLanguage\":\"en-GB\",\"@id\":\"https:\\\/\\\/cruffin.ee\\\/shop\\\/cruffini-kleepsud\\\/#primaryimage\",\"url\":\"https:\\\/\\\/cruffin.ee\\\/wp-content\\\/uploads\\\/2024\\\/12\\\/IMG_2086.jpg\",\"contentUrl\":\"https:\\\/\\\/cruffin.ee\\\/wp-content\\\/uploads\\\/2024\\\/12\\\/IMG_2086.jpg\",\"width\":1536,\"height\":2048},{\"@type\":\"BreadcrumbList\",\"@id\":\"https:\\\/\\\/cruffin.ee\\\/shop\\\/cruffini-kleepsud\\\/#breadcrumb\",\"itemListElement\":[{\"@type\":\"ListItem\",\"position\":1,\"name\":\"Home\",\"item\":\"https:\\\/\\\/cruffin.ee\\\/\"},{\"@type\":\"ListItem\",\"position\":2,\"name\":\"Cruffini E-pood\",\"item\":\"https:\\\/\\\/cruffin.ee\\\/shop\\\/\"},{\"@type\":\"ListItem\",\"position\":3,\"name\":\"Cruffini kleepsud\"}]},{\"@type\":\"WebSite\",\"@id\":\"https:\\\/\\\/cruffin.ee\\\/#website\",\"url\":\"https:\\\/\\\/cruffin.ee\\\/\",\"name\":\"Cruffin Tartus\",\"description\":\"Pagari\u00e4ri Tartus\",\"publisher\":{\"@id\":\"https:\\\/\\\/cruffin.ee\\\/#organization\"},\"potentialAction\":[{\"@type\":\"SearchAction\",\"target\":{\"@type\":\"EntryPoint\",\"urlTemplate\":\"https:\\\/\\\/cruffin.ee\\\/?s={search_term_string}\"},\"query-input\":{\"@type\":\"PropertyValueSpecification\",\"valueRequired\":true,\"valueName\":\"search_term_string\"}}],\"inLanguage\":\"en-GB\"},{\"@type\":\"Organization\",\"@id\":\"https:\\\/\\\/cruffin.ee\\\/#organization\",\"name\":\"Cruffin Tartu\",\"url\":\"https:\\\/\\\/cruffin.ee\\\/\",\"logo\":{\"@type\":\"ImageObject\",\"inLanguage\":\"en-GB\",\"@id\":\"https:\\\/\\\/cruffin.ee\\\/#\\\/schema\\\/logo\\\/image\\\/\",\"url\":\"https:\\\/\\\/cruffin.ee\\\/wp-content\\\/uploads\\\/2026\\\/01\\\/croissanterie\u2022sourdough\u2022-speciality-coffee-2000-x-846-px-1-scaled.png\",\"contentUrl\":\"https:\\\/\\\/cruffin.ee\\\/wp-content\\\/uploads\\\/2026\\\/01\\\/croissanterie\u2022sourdough\u2022-speciality-coffee-2000-x-846-px-1-scaled.png\",\"width\":2560,\"height\":1083,\"caption\":\"Cruffin Tartu\"},\"image\":{\"@id\":\"https:\\\/\\\/cruffin.ee\\\/#\\\/schema\\\/logo\\\/image\\\/\"}}]}<\/script>\n<!-- \/ Yoast SEO plugin. -->","yoast_head_json":{"title":"Cruffini kleepsud - Cruffin Saiatehas","description":"Kleepsud suurimale Cruffini-f\u00e4nnile! Kaneelirull sinu l\u00e4paka peal? Cappuccino m\u00e4rkmiku esikaanel? Ikka saab! Telli kohe e-poest.","robots":{"index":"index","follow":"follow","max-snippet":"max-snippet:-1","max-image-preview":"max-image-preview:large","max-video-preview":"max-video-preview:-1"},"canonical":"https:\/\/cruffin.ee\/en\/shop\/cruffini-kleepsud\/","og_locale":"en_GB","og_type":"article","og_title":"Cruffini kleepsud - Cruffin Saiatehas","og_description":"Kleepsud suurimale Cruffini-f\u00e4nnile! Kaneelirull sinu l\u00e4paka peal? Cappuccino m\u00e4rkmiku esikaanel? Ikka saab! Telli kohe e-poest.","og_url":"https:\/\/cruffin.ee\/en\/shop\/cruffini-kleepsud\/","og_site_name":"Cruffin Saiatehas","article_modified_time":"2026-03-09T10:10:41+00:00","og_image":[{"width":1536,"height":2048,"url":"https:\/\/cruffin.ee\/wp-content\/uploads\/2024\/12\/IMG_2086.jpg","type":"image\/jpeg"}],"twitter_card":"summary_large_image","twitter_misc":{"Estimated reading time":"1 minute"},"schema":{"@context":"https:\/\/schema.org","@graph":[{"@type":"WebPage","@id":"https:\/\/cruffin.ee\/shop\/cruffini-kleepsud\/","url":"https:\/\/cruffin.ee\/shop\/cruffini-kleepsud\/","name":"Cruffini kleepsud - Cruffin Saiatehas","isPartOf":{"@id":"https:\/\/cruffin.ee\/#website"},"primaryImageOfPage":{"@id":"https:\/\/cruffin.ee\/shop\/cruffini-kleepsud\/#primaryimage"},"image":{"@id":"https:\/\/cruffin.ee\/shop\/cruffini-kleepsud\/#primaryimage"},"thumbnailUrl":"https:\/\/cruffin.ee\/wp-content\/uploads\/2024\/12\/IMG_2086.jpg","datePublished":"2024-12-05T11:39:39+00:00","dateModified":"2026-03-09T10:10:41+00:00","description":"Kleepsud suurimale Cruffini-f\u00e4nnile! Kaneelirull sinu l\u00e4paka peal? Cappuccino m\u00e4rkmiku esikaanel? Ikka saab! Telli kohe e-poest.","breadcrumb":{"@id":"https:\/\/cruffin.ee\/shop\/cruffini-kleepsud\/#breadcrumb"},"inLanguage":"en-GB","potentialAction":[{"@type":"ReadAction","target":["https:\/\/cruffin.ee\/shop\/cruffini-kleepsud\/"]}]},{"@type":"ImageObject","inLanguage":"en-GB","@id":"https:\/\/cruffin.ee\/shop\/cruffini-kleepsud\/#primaryimage","url":"https:\/\/cruffin.ee\/wp-content\/uploads\/2024\/12\/IMG_2086.jpg","contentUrl":"https:\/\/cruffin.ee\/wp-content\/uploads\/2024\/12\/IMG_2086.jpg","width":1536,"height":2048},{"@type":"BreadcrumbList","@id":"https:\/\/cruffin.ee\/shop\/cruffini-kleepsud\/#breadcrumb","itemListElement":[{"@type":"ListItem","position":1,"name":"Home","item":"https:\/\/cruffin.ee\/"},{"@type":"ListItem","position":2,"name":"Cruffini E-pood","item":"https:\/\/cruffin.ee\/shop\/"},{"@type":"ListItem","position":3,"name":"Cruffini kleepsud"}]},{"@type":"WebSite","@id":"https:\/\/cruffin.ee\/#website","url":"https:\/\/cruffin.ee\/","name":"Cruffin Tartus","description":"Pagari\u00e4ri Tartus","publisher":{"@id":"https:\/\/cruffin.ee\/#organization"},"potentialAction":[{"@type":"SearchAction","target":{"@type":"EntryPoint","urlTemplate":"https:\/\/cruffin.ee\/?s={search_term_string}"},"query-input":{"@type":"PropertyValueSpecification","valueRequired":true,"valueName":"search_term_string"}}],"inLanguage":"en-GB"},{"@type":"Organization","@id":"https:\/\/cruffin.ee\/#organization","name":"Cruffin Tartu","url":"https:\/\/cruffin.ee\/","logo":{"@type":"ImageObject","inLanguage":"en-GB","@id":"https:\/\/cruffin.ee\/#\/schema\/logo\/image\/","url":"https:\/\/cruffin.ee\/wp-content\/uploads\/2026\/01\/croissanterie\u2022sourdough\u2022-speciality-coffee-2000-x-846-px-1-scaled.png","contentUrl":"https:\/\/cruffin.ee\/wp-content\/uploads\/2026\/01\/croissanterie\u2022sourdough\u2022-speciality-coffee-2000-x-846-px-1-scaled.png","width":2560,"height":1083,"caption":"Cruffin Tartu"},"image":{"@id":"https:\/\/cruffin.ee\/#\/schema\/logo\/image\/"}}]}},"_links":{"self":[{"href":"https:\/\/cruffin.ee\/en\/wp-json\/wp\/v2\/product\/3406","targetHints":{"allow":["GET"]}}],"collection":[{"href":"https:\/\/cruffin.ee\/en\/wp-json\/wp\/v2\/product"}],"about":[{"href":"https:\/\/cruffin.ee\/en\/wp-json\/wp\/v2\/types\/product"}],"wp:featuredmedia":[{"embeddable":true,"href":"https:\/\/cruffin.ee\/en\/wp-json\/wp\/v2\/media\/3402"}],"wp:attachment":[{"href":"https:\/\/cruffin.ee\/en\/wp-json\/wp\/v2\/media?parent=3406"}],"wp:term":[{"taxonomy":"product_brand","embeddable":true,"href":"https:\/\/cruffin.ee\/en\/wp-json\/wp\/v2\/product_brand?post=3406"},{"taxonomy":"product_cat","embeddable":true,"href":"https:\/\/cruffin.ee\/en\/wp-json\/wp\/v2\/product_cat?post=3406"},{"taxonomy":"product_tag","embeddable":true,"href":"https:\/\/cruffin.ee\/en\/wp-json\/wp\/v2\/product_tag?post=3406"}],"curies":[{"name":"wp","href":"https:\/\/api.w.org\/{rel}","templated":true}]}}