{"id":2472,"date":"2023-11-26T10:59:45","date_gmt":"2023-11-26T08:59:45","guid":{"rendered":"http:\/\/cruffin.ee\/?post_type=product&#038;p=2472"},"modified":"2026-03-09T13:11:38","modified_gmt":"2026-03-09T10:11:38","slug":"cruffini-kandekott-must","status":"publish","type":"product","link":"https:\/\/cruffin.ee\/en\/shop\/cruffini-kandekott-must\/","title":{"rendered":"Cruffini kandekott must"},"content":{"rendered":"","protected":false},"excerpt":{"rendered":"<p>M\u00f5nus kandekott, mis mahutab k\u00f5ik igap\u00e4evaseks toimetamiseks vajaliku.<br \/>\nKott kannab Cruffini sloganit &#8220;Life is pain (au chocolat)&#8221;. M\u00f5\u00f5dud 36x40cm.<\/p>\n<p>Logo on tr\u00fckitud 100% naturaalsete v\u00e4rvidega Aparaaditehases, Kuues Planeet stuudios.<br \/>\nSaadaval ainult Aparaaditehase Cruffinis!<\/p>","protected":false},"featured_media":2470,"template":"","meta":{"site-sidebar-layout":"default","site-content-layout":"default","ast-site-content-layout":"default","site-content-style":"default","site-sidebar-style":"default","ast-global-header-display":"","ast-banner-title-visibility":"","ast-main-header-display":"","ast-hfb-above-header-display":"","ast-hfb-below-header-display":"","ast-hfb-mobile-header-display":"","site-post-title":"","ast-breadcrumbs-content":"","ast-featured-img":"","footer-sml-layout":"","ast-disable-related-posts":"","theme-transparent-header-meta":"default","adv-header-id-meta":"","stick-header-meta":"","header-above-stick-meta":"","header-main-stick-meta":"","header-below-stick-meta":"","astra-migrate-meta-layouts":"set","ast-page-background-enabled":"default","ast-page-background-meta":{"desktop":{"background-color":"","background-image":"","background-repeat":"repeat","background-position":"center center","background-size":"auto","background-attachment":"scroll","background-type":"","background-media":"","overlay-type":"","overlay-color":"","overlay-opacity":"","overlay-gradient":""},"tablet":{"background-color":"","background-image":"","background-repeat":"repeat","background-position":"center center","background-size":"auto","background-attachment":"scroll","background-type":"","background-media":"","overlay-type":"","overlay-color":"","overlay-opacity":"","overlay-gradient":""},"mobile":{"background-color":"","background-image":"","background-repeat":"repeat","background-position":"center center","background-size":"auto","background-attachment":"scroll","background-type":"","background-media":"","overlay-type":"","overlay-color":"","overlay-opacity":"","overlay-gradient":""}},"ast-content-background-meta":{"desktop":{"background-color":"var(--ast-global-color-5)","background-image":"","background-repeat":"repeat","background-position":"center center","background-size":"auto","background-attachment":"scroll","background-type":"","background-media":"","overlay-type":"","overlay-color":"","overlay-opacity":"","overlay-gradient":""},"tablet":{"background-color":"var(--ast-global-color-5)","background-image":"","background-repeat":"repeat","background-position":"center center","background-size":"auto","background-attachment":"scroll","background-type":"","background-media":"","overlay-type":"","overlay-color":"","overlay-opacity":"","overlay-gradient":""},"mobile":{"background-color":"var(--ast-global-color-5)","background-image":"","background-repeat":"repeat","background-position":"center center","background-size":"auto","background-attachment":"scroll","background-type":"","background-media":"","overlay-type":"","overlay-color":"","overlay-opacity":"","overlay-gradient":""}}},"product_brand":[],"product_cat":[74],"product_tag":[],"class_list":{"0":"post-2472","1":"product","2":"type-product","3":"status-publish","4":"has-post-thumbnail","6":"product_cat-aparaaditehas","7":"desktop-align-left","8":"tablet-align-left","9":"mobile-align-left","11":"first","12":"instock","13":"shipping-taxable","14":"purchasable","15":"product-type-simple"},"yoast_head":"<!-- This site is optimized with the Yoast SEO plugin v27.3 - https:\/\/yoast.com\/product\/yoast-seo-wordpress\/ -->\n<title>Cruffini kandekott must - Cruffin Saiatehas<\/title>\n<meta name=\"robots\" content=\"index, follow, max-snippet:-1, max-image-preview:large, max-video-preview:-1\" \/>\n<link rel=\"canonical\" href=\"https:\/\/cruffin.ee\/en\/shop\/cruffini-kandekott-must\/\" \/>\n<meta property=\"og:locale\" content=\"en_GB\" \/>\n<meta property=\"og:type\" content=\"article\" \/>\n<meta property=\"og:title\" content=\"Cruffini kandekott must - Cruffin Saiatehas\" \/>\n<meta property=\"og:description\" content=\"M\u00f5nus kandekott, mis mahutab k\u00f5ik igap\u00e4evaseks toimetamiseks vajaliku. Kott kannab Cruffini sloganit &quot;Life is pain (au chocolat)&quot;. M\u00f5\u00f5dud 36x40cm.  Logo on tr\u00fckitud 100% naturaalsete v\u00e4rvidega Aparaaditehases, Kuues Planeet stuudios. Saadaval ainult Aparaaditehase Cruffinis!\" \/>\n<meta property=\"og:url\" content=\"https:\/\/cruffin.ee\/en\/shop\/cruffini-kandekott-must\/\" \/>\n<meta property=\"og:site_name\" content=\"Cruffin Saiatehas\" \/>\n<meta property=\"article:modified_time\" content=\"2026-03-09T10:11:38+00:00\" \/>\n<meta property=\"og:image\" content=\"https:\/\/cruffin.ee\/wp-content\/uploads\/2023\/11\/IMG_5019-scaled.jpg\" \/>\n\t<meta property=\"og:image:width\" content=\"1920\" \/>\n\t<meta property=\"og:image:height\" content=\"2560\" \/>\n\t<meta property=\"og:image:type\" content=\"image\/jpeg\" \/>\n<meta name=\"twitter:card\" content=\"summary_large_image\" \/>\n<meta name=\"twitter:label1\" content=\"Estimated reading time\" \/>\n\t<meta name=\"twitter:data1\" content=\"1 minute\" \/>\n<script type=\"application\/ld+json\" class=\"yoast-schema-graph\">{\"@context\":\"https:\\\/\\\/schema.org\",\"@graph\":[{\"@type\":\"WebPage\",\"@id\":\"https:\\\/\\\/cruffin.ee\\\/shop\\\/cruffini-kandekott-must\\\/\",\"url\":\"https:\\\/\\\/cruffin.ee\\\/shop\\\/cruffini-kandekott-must\\\/\",\"name\":\"Cruffini kandekott must - Cruffin Saiatehas\",\"isPartOf\":{\"@id\":\"https:\\\/\\\/cruffin.ee\\\/#website\"},\"primaryImageOfPage\":{\"@id\":\"https:\\\/\\\/cruffin.ee\\\/shop\\\/cruffini-kandekott-must\\\/#primaryimage\"},\"image\":{\"@id\":\"https:\\\/\\\/cruffin.ee\\\/shop\\\/cruffini-kandekott-must\\\/#primaryimage\"},\"thumbnailUrl\":\"https:\\\/\\\/cruffin.ee\\\/wp-content\\\/uploads\\\/2023\\\/11\\\/IMG_5019-scaled.jpg\",\"datePublished\":\"2023-11-26T08:59:45+00:00\",\"dateModified\":\"2026-03-09T10:11:38+00:00\",\"breadcrumb\":{\"@id\":\"https:\\\/\\\/cruffin.ee\\\/shop\\\/cruffini-kandekott-must\\\/#breadcrumb\"},\"inLanguage\":\"en-GB\",\"potentialAction\":[{\"@type\":\"ReadAction\",\"target\":[\"https:\\\/\\\/cruffin.ee\\\/shop\\\/cruffini-kandekott-must\\\/\"]}]},{\"@type\":\"ImageObject\",\"inLanguage\":\"en-GB\",\"@id\":\"https:\\\/\\\/cruffin.ee\\\/shop\\\/cruffini-kandekott-must\\\/#primaryimage\",\"url\":\"https:\\\/\\\/cruffin.ee\\\/wp-content\\\/uploads\\\/2023\\\/11\\\/IMG_5019-scaled.jpg\",\"contentUrl\":\"https:\\\/\\\/cruffin.ee\\\/wp-content\\\/uploads\\\/2023\\\/11\\\/IMG_5019-scaled.jpg\",\"width\":1920,\"height\":2560},{\"@type\":\"BreadcrumbList\",\"@id\":\"https:\\\/\\\/cruffin.ee\\\/shop\\\/cruffini-kandekott-must\\\/#breadcrumb\",\"itemListElement\":[{\"@type\":\"ListItem\",\"position\":1,\"name\":\"Home\",\"item\":\"https:\\\/\\\/cruffin.ee\\\/\"},{\"@type\":\"ListItem\",\"position\":2,\"name\":\"Cruffini E-pood\",\"item\":\"https:\\\/\\\/cruffin.ee\\\/shop\\\/\"},{\"@type\":\"ListItem\",\"position\":3,\"name\":\"Cruffini kandekott must\"}]},{\"@type\":\"WebSite\",\"@id\":\"https:\\\/\\\/cruffin.ee\\\/#website\",\"url\":\"https:\\\/\\\/cruffin.ee\\\/\",\"name\":\"Cruffin Tartus\",\"description\":\"Pagari\u00e4ri Tartus\",\"publisher\":{\"@id\":\"https:\\\/\\\/cruffin.ee\\\/#organization\"},\"potentialAction\":[{\"@type\":\"SearchAction\",\"target\":{\"@type\":\"EntryPoint\",\"urlTemplate\":\"https:\\\/\\\/cruffin.ee\\\/?s={search_term_string}\"},\"query-input\":{\"@type\":\"PropertyValueSpecification\",\"valueRequired\":true,\"valueName\":\"search_term_string\"}}],\"inLanguage\":\"en-GB\"},{\"@type\":\"Organization\",\"@id\":\"https:\\\/\\\/cruffin.ee\\\/#organization\",\"name\":\"Cruffin Tartu\",\"url\":\"https:\\\/\\\/cruffin.ee\\\/\",\"logo\":{\"@type\":\"ImageObject\",\"inLanguage\":\"en-GB\",\"@id\":\"https:\\\/\\\/cruffin.ee\\\/#\\\/schema\\\/logo\\\/image\\\/\",\"url\":\"https:\\\/\\\/cruffin.ee\\\/wp-content\\\/uploads\\\/2026\\\/01\\\/croissanterie\u2022sourdough\u2022-speciality-coffee-2000-x-846-px-1-scaled.png\",\"contentUrl\":\"https:\\\/\\\/cruffin.ee\\\/wp-content\\\/uploads\\\/2026\\\/01\\\/croissanterie\u2022sourdough\u2022-speciality-coffee-2000-x-846-px-1-scaled.png\",\"width\":2560,\"height\":1083,\"caption\":\"Cruffin Tartu\"},\"image\":{\"@id\":\"https:\\\/\\\/cruffin.ee\\\/#\\\/schema\\\/logo\\\/image\\\/\"}}]}<\/script>\n<!-- \/ Yoast SEO plugin. -->","yoast_head_json":{"title":"Cruffini kandekott must - Cruffin Saiatehas","robots":{"index":"index","follow":"follow","max-snippet":"max-snippet:-1","max-image-preview":"max-image-preview:large","max-video-preview":"max-video-preview:-1"},"canonical":"https:\/\/cruffin.ee\/en\/shop\/cruffini-kandekott-must\/","og_locale":"en_GB","og_type":"article","og_title":"Cruffini kandekott must - Cruffin Saiatehas","og_description":"M\u00f5nus kandekott, mis mahutab k\u00f5ik igap\u00e4evaseks toimetamiseks vajaliku. Kott kannab Cruffini sloganit \"Life is pain (au chocolat)\". M\u00f5\u00f5dud 36x40cm.  Logo on tr\u00fckitud 100% naturaalsete v\u00e4rvidega Aparaaditehases, Kuues Planeet stuudios. Saadaval ainult Aparaaditehase Cruffinis!","og_url":"https:\/\/cruffin.ee\/en\/shop\/cruffini-kandekott-must\/","og_site_name":"Cruffin Saiatehas","article_modified_time":"2026-03-09T10:11:38+00:00","og_image":[{"width":1920,"height":2560,"url":"https:\/\/cruffin.ee\/wp-content\/uploads\/2023\/11\/IMG_5019-scaled.jpg","type":"image\/jpeg"}],"twitter_card":"summary_large_image","twitter_misc":{"Estimated reading time":"1 minute"},"schema":{"@context":"https:\/\/schema.org","@graph":[{"@type":"WebPage","@id":"https:\/\/cruffin.ee\/shop\/cruffini-kandekott-must\/","url":"https:\/\/cruffin.ee\/shop\/cruffini-kandekott-must\/","name":"Cruffini kandekott must - Cruffin Saiatehas","isPartOf":{"@id":"https:\/\/cruffin.ee\/#website"},"primaryImageOfPage":{"@id":"https:\/\/cruffin.ee\/shop\/cruffini-kandekott-must\/#primaryimage"},"image":{"@id":"https:\/\/cruffin.ee\/shop\/cruffini-kandekott-must\/#primaryimage"},"thumbnailUrl":"https:\/\/cruffin.ee\/wp-content\/uploads\/2023\/11\/IMG_5019-scaled.jpg","datePublished":"2023-11-26T08:59:45+00:00","dateModified":"2026-03-09T10:11:38+00:00","breadcrumb":{"@id":"https:\/\/cruffin.ee\/shop\/cruffini-kandekott-must\/#breadcrumb"},"inLanguage":"en-GB","potentialAction":[{"@type":"ReadAction","target":["https:\/\/cruffin.ee\/shop\/cruffini-kandekott-must\/"]}]},{"@type":"ImageObject","inLanguage":"en-GB","@id":"https:\/\/cruffin.ee\/shop\/cruffini-kandekott-must\/#primaryimage","url":"https:\/\/cruffin.ee\/wp-content\/uploads\/2023\/11\/IMG_5019-scaled.jpg","contentUrl":"https:\/\/cruffin.ee\/wp-content\/uploads\/2023\/11\/IMG_5019-scaled.jpg","width":1920,"height":2560},{"@type":"BreadcrumbList","@id":"https:\/\/cruffin.ee\/shop\/cruffini-kandekott-must\/#breadcrumb","itemListElement":[{"@type":"ListItem","position":1,"name":"Home","item":"https:\/\/cruffin.ee\/"},{"@type":"ListItem","position":2,"name":"Cruffini E-pood","item":"https:\/\/cruffin.ee\/shop\/"},{"@type":"ListItem","position":3,"name":"Cruffini kandekott must"}]},{"@type":"WebSite","@id":"https:\/\/cruffin.ee\/#website","url":"https:\/\/cruffin.ee\/","name":"Cruffin Tartus","description":"Pagari\u00e4ri Tartus","publisher":{"@id":"https:\/\/cruffin.ee\/#organization"},"potentialAction":[{"@type":"SearchAction","target":{"@type":"EntryPoint","urlTemplate":"https:\/\/cruffin.ee\/?s={search_term_string}"},"query-input":{"@type":"PropertyValueSpecification","valueRequired":true,"valueName":"search_term_string"}}],"inLanguage":"en-GB"},{"@type":"Organization","@id":"https:\/\/cruffin.ee\/#organization","name":"Cruffin Tartu","url":"https:\/\/cruffin.ee\/","logo":{"@type":"ImageObject","inLanguage":"en-GB","@id":"https:\/\/cruffin.ee\/#\/schema\/logo\/image\/","url":"https:\/\/cruffin.ee\/wp-content\/uploads\/2026\/01\/croissanterie\u2022sourdough\u2022-speciality-coffee-2000-x-846-px-1-scaled.png","contentUrl":"https:\/\/cruffin.ee\/wp-content\/uploads\/2026\/01\/croissanterie\u2022sourdough\u2022-speciality-coffee-2000-x-846-px-1-scaled.png","width":2560,"height":1083,"caption":"Cruffin Tartu"},"image":{"@id":"https:\/\/cruffin.ee\/#\/schema\/logo\/image\/"}}]}},"_links":{"self":[{"href":"https:\/\/cruffin.ee\/en\/wp-json\/wp\/v2\/product\/2472","targetHints":{"allow":["GET"]}}],"collection":[{"href":"https:\/\/cruffin.ee\/en\/wp-json\/wp\/v2\/product"}],"about":[{"href":"https:\/\/cruffin.ee\/en\/wp-json\/wp\/v2\/types\/product"}],"wp:featuredmedia":[{"embeddable":true,"href":"https:\/\/cruffin.ee\/en\/wp-json\/wp\/v2\/media\/2470"}],"wp:attachment":[{"href":"https:\/\/cruffin.ee\/en\/wp-json\/wp\/v2\/media?parent=2472"}],"wp:term":[{"taxonomy":"product_brand","embeddable":true,"href":"https:\/\/cruffin.ee\/en\/wp-json\/wp\/v2\/product_brand?post=2472"},{"taxonomy":"product_cat","embeddable":true,"href":"https:\/\/cruffin.ee\/en\/wp-json\/wp\/v2\/product_cat?post=2472"},{"taxonomy":"product_tag","embeddable":true,"href":"https:\/\/cruffin.ee\/en\/wp-json\/wp\/v2\/product_tag?post=2472"}],"curies":[{"name":"wp","href":"https:\/\/api.w.org\/{rel}","templated":true}]}}