{"id":1234,"date":"2021-12-20T12:22:56","date_gmt":"2021-12-20T10:22:56","guid":{"rendered":"http:\/\/cruffin.ee\/?post_type=product&#038;p=1234"},"modified":"2026-03-09T13:13:52","modified_gmt":"2026-03-09T10:13:52","slug":"rostitud-tomati-x-parmesani-croissant","status":"publish","type":"product","link":"https:\/\/cruffin.ee\/en\/shop\/rostitud-tomati-x-parmesani-croissant\/","title":{"rendered":"R\u00f6stitud tomati x parmesani croissant"},"content":{"rendered":"","protected":false},"excerpt":{"rendered":"<p class=\"cvGsUA direction-ltr align-center para-style-body\"><span class=\"a_GcMg font-feature-liga-off font-feature-clig-off font-feature-calt-off text-decoration-none text-strikethrough-none\">R\u00f6stitud kirsstomatid, mascarpone, parmesan, <\/span><span class=\"a_GcMg font-feature-liga-off font-feature-clig-off font-feature-calt-off text-decoration-none text-strikethrough-none\">basiilik, murulauk.<br \/>\nSaadaval m\u00f5lemas asukohas!<\/span><\/p>","protected":false},"featured_media":4842,"template":"","meta":{"site-sidebar-layout":"default","site-content-layout":"default","ast-site-content-layout":"default","site-content-style":"default","site-sidebar-style":"default","ast-global-header-display":"","ast-banner-title-visibility":"","ast-main-header-display":"","ast-hfb-above-header-display":"","ast-hfb-below-header-display":"","ast-hfb-mobile-header-display":"","site-post-title":"","ast-breadcrumbs-content":"","ast-featured-img":"","footer-sml-layout":"","ast-disable-related-posts":"","theme-transparent-header-meta":"default","adv-header-id-meta":"","stick-header-meta":"","header-above-stick-meta":"","header-main-stick-meta":"","header-below-stick-meta":"","astra-migrate-meta-layouts":"set","ast-page-background-enabled":"default","ast-page-background-meta":{"desktop":{"background-color":"","background-image":"","background-repeat":"repeat","background-position":"center center","background-size":"auto","background-attachment":"scroll","background-type":"","background-media":"","overlay-type":"","overlay-color":"","overlay-opacity":"","overlay-gradient":""},"tablet":{"background-color":"","background-image":"","background-repeat":"repeat","background-position":"center center","background-size":"auto","background-attachment":"scroll","background-type":"","background-media":"","overlay-type":"","overlay-color":"","overlay-opacity":"","overlay-gradient":""},"mobile":{"background-color":"","background-image":"","background-repeat":"repeat","background-position":"center center","background-size":"auto","background-attachment":"scroll","background-type":"","background-media":"","overlay-type":"","overlay-color":"","overlay-opacity":"","overlay-gradient":""}},"ast-content-background-meta":{"desktop":{"background-color":"var(--ast-global-color-5)","background-image":"","background-repeat":"repeat","background-position":"center center","background-size":"auto","background-attachment":"scroll","background-type":"","background-media":"","overlay-type":"","overlay-color":"","overlay-opacity":"","overlay-gradient":""},"tablet":{"background-color":"var(--ast-global-color-5)","background-image":"","background-repeat":"repeat","background-position":"center center","background-size":"auto","background-attachment":"scroll","background-type":"","background-media":"","overlay-type":"","overlay-color":"","overlay-opacity":"","overlay-gradient":""},"mobile":{"background-color":"var(--ast-global-color-5)","background-image":"","background-repeat":"repeat","background-position":"center center","background-size":"auto","background-attachment":"scroll","background-type":"","background-media":"","overlay-type":"","overlay-color":"","overlay-opacity":"","overlay-gradient":""}}},"product_brand":[],"product_cat":[74,75],"product_tag":[],"class_list":{"0":"post-1234","1":"product","2":"type-product","3":"status-publish","4":"has-post-thumbnail","6":"product_cat-aparaaditehas","7":"product_cat-raekoja-plats","8":"desktop-align-left","9":"tablet-align-left","10":"mobile-align-left","12":"first","13":"instock","14":"shipping-taxable","15":"purchasable","16":"product-type-simple"},"yoast_head":"<!-- This site is optimized with the Yoast SEO plugin v27.3 - https:\/\/yoast.com\/product\/yoast-seo-wordpress\/ -->\n<title>R\u00f6stitud tomati x parmesani croissant - Cruffin Saiatehas<\/title>\n<meta name=\"robots\" content=\"index, follow, max-snippet:-1, max-image-preview:large, max-video-preview:-1\" \/>\n<link rel=\"canonical\" href=\"https:\/\/cruffin.ee\/en\/shop\/rostitud-tomati-x-parmesani-croissant\/\" \/>\n<meta property=\"og:locale\" content=\"en_GB\" \/>\n<meta property=\"og:type\" content=\"article\" \/>\n<meta property=\"og:title\" content=\"R\u00f6stitud tomati x parmesani croissant - Cruffin Saiatehas\" \/>\n<meta property=\"og:description\" content=\"R\u00f6stitud kirsstomatid, mascarpone, parmesan, basiilik, murulauk. Saadaval m\u00f5lemas asukohas!\" \/>\n<meta property=\"og:url\" content=\"https:\/\/cruffin.ee\/en\/shop\/rostitud-tomati-x-parmesani-croissant\/\" \/>\n<meta property=\"og:site_name\" content=\"Cruffin Saiatehas\" \/>\n<meta property=\"article:modified_time\" content=\"2026-03-09T10:13:52+00:00\" \/>\n<meta property=\"og:image\" content=\"https:\/\/cruffin.ee\/wp-content\/uploads\/2023\/09\/APC_0269.jpg\" \/>\n\t<meta property=\"og:image:width\" content=\"2048\" \/>\n\t<meta property=\"og:image:height\" content=\"1536\" \/>\n\t<meta property=\"og:image:type\" content=\"image\/jpeg\" \/>\n<meta name=\"twitter:card\" content=\"summary_large_image\" \/>\n<meta name=\"twitter:label1\" content=\"Estimated reading time\" \/>\n\t<meta name=\"twitter:data1\" content=\"1 minute\" \/>\n<script type=\"application\/ld+json\" class=\"yoast-schema-graph\">{\"@context\":\"https:\\\/\\\/schema.org\",\"@graph\":[{\"@type\":\"WebPage\",\"@id\":\"https:\\\/\\\/cruffin.ee\\\/shop\\\/rostitud-tomati-x-parmesani-croissant\\\/\",\"url\":\"https:\\\/\\\/cruffin.ee\\\/shop\\\/rostitud-tomati-x-parmesani-croissant\\\/\",\"name\":\"R\u00f6stitud tomati x parmesani croissant - Cruffin Saiatehas\",\"isPartOf\":{\"@id\":\"https:\\\/\\\/cruffin.ee\\\/#website\"},\"primaryImageOfPage\":{\"@id\":\"https:\\\/\\\/cruffin.ee\\\/shop\\\/rostitud-tomati-x-parmesani-croissant\\\/#primaryimage\"},\"image\":{\"@id\":\"https:\\\/\\\/cruffin.ee\\\/shop\\\/rostitud-tomati-x-parmesani-croissant\\\/#primaryimage\"},\"thumbnailUrl\":\"https:\\\/\\\/cruffin.ee\\\/wp-content\\\/uploads\\\/2023\\\/09\\\/APC_0269.jpg\",\"datePublished\":\"2021-12-20T10:22:56+00:00\",\"dateModified\":\"2026-03-09T10:13:52+00:00\",\"breadcrumb\":{\"@id\":\"https:\\\/\\\/cruffin.ee\\\/shop\\\/rostitud-tomati-x-parmesani-croissant\\\/#breadcrumb\"},\"inLanguage\":\"en-GB\",\"potentialAction\":[{\"@type\":\"ReadAction\",\"target\":[\"https:\\\/\\\/cruffin.ee\\\/shop\\\/rostitud-tomati-x-parmesani-croissant\\\/\"]}]},{\"@type\":\"ImageObject\",\"inLanguage\":\"en-GB\",\"@id\":\"https:\\\/\\\/cruffin.ee\\\/shop\\\/rostitud-tomati-x-parmesani-croissant\\\/#primaryimage\",\"url\":\"https:\\\/\\\/cruffin.ee\\\/wp-content\\\/uploads\\\/2023\\\/09\\\/APC_0269.jpg\",\"contentUrl\":\"https:\\\/\\\/cruffin.ee\\\/wp-content\\\/uploads\\\/2023\\\/09\\\/APC_0269.jpg\",\"width\":2048,\"height\":1536},{\"@type\":\"BreadcrumbList\",\"@id\":\"https:\\\/\\\/cruffin.ee\\\/shop\\\/rostitud-tomati-x-parmesani-croissant\\\/#breadcrumb\",\"itemListElement\":[{\"@type\":\"ListItem\",\"position\":1,\"name\":\"Home\",\"item\":\"https:\\\/\\\/cruffin.ee\\\/\"},{\"@type\":\"ListItem\",\"position\":2,\"name\":\"Cruffini E-pood\",\"item\":\"https:\\\/\\\/cruffin.ee\\\/shop\\\/\"},{\"@type\":\"ListItem\",\"position\":3,\"name\":\"R\u00f6stitud tomati x parmesani croissant\"}]},{\"@type\":\"WebSite\",\"@id\":\"https:\\\/\\\/cruffin.ee\\\/#website\",\"url\":\"https:\\\/\\\/cruffin.ee\\\/\",\"name\":\"Cruffin Tartus\",\"description\":\"Pagari\u00e4ri Tartus\",\"publisher\":{\"@id\":\"https:\\\/\\\/cruffin.ee\\\/#organization\"},\"potentialAction\":[{\"@type\":\"SearchAction\",\"target\":{\"@type\":\"EntryPoint\",\"urlTemplate\":\"https:\\\/\\\/cruffin.ee\\\/?s={search_term_string}\"},\"query-input\":{\"@type\":\"PropertyValueSpecification\",\"valueRequired\":true,\"valueName\":\"search_term_string\"}}],\"inLanguage\":\"en-GB\"},{\"@type\":\"Organization\",\"@id\":\"https:\\\/\\\/cruffin.ee\\\/#organization\",\"name\":\"Cruffin Tartu\",\"url\":\"https:\\\/\\\/cruffin.ee\\\/\",\"logo\":{\"@type\":\"ImageObject\",\"inLanguage\":\"en-GB\",\"@id\":\"https:\\\/\\\/cruffin.ee\\\/#\\\/schema\\\/logo\\\/image\\\/\",\"url\":\"https:\\\/\\\/cruffin.ee\\\/wp-content\\\/uploads\\\/2026\\\/01\\\/croissanterie\u2022sourdough\u2022-speciality-coffee-2000-x-846-px-1-scaled.png\",\"contentUrl\":\"https:\\\/\\\/cruffin.ee\\\/wp-content\\\/uploads\\\/2026\\\/01\\\/croissanterie\u2022sourdough\u2022-speciality-coffee-2000-x-846-px-1-scaled.png\",\"width\":2560,\"height\":1083,\"caption\":\"Cruffin Tartu\"},\"image\":{\"@id\":\"https:\\\/\\\/cruffin.ee\\\/#\\\/schema\\\/logo\\\/image\\\/\"}}]}<\/script>\n<!-- \/ Yoast SEO plugin. -->","yoast_head_json":{"title":"R\u00f6stitud tomati x parmesani croissant - Cruffin Saiatehas","robots":{"index":"index","follow":"follow","max-snippet":"max-snippet:-1","max-image-preview":"max-image-preview:large","max-video-preview":"max-video-preview:-1"},"canonical":"https:\/\/cruffin.ee\/en\/shop\/rostitud-tomati-x-parmesani-croissant\/","og_locale":"en_GB","og_type":"article","og_title":"R\u00f6stitud tomati x parmesani croissant - Cruffin Saiatehas","og_description":"R\u00f6stitud kirsstomatid, mascarpone, parmesan, basiilik, murulauk. Saadaval m\u00f5lemas asukohas!","og_url":"https:\/\/cruffin.ee\/en\/shop\/rostitud-tomati-x-parmesani-croissant\/","og_site_name":"Cruffin Saiatehas","article_modified_time":"2026-03-09T10:13:52+00:00","og_image":[{"width":2048,"height":1536,"url":"https:\/\/cruffin.ee\/wp-content\/uploads\/2023\/09\/APC_0269.jpg","type":"image\/jpeg"}],"twitter_card":"summary_large_image","twitter_misc":{"Estimated reading time":"1 minute"},"schema":{"@context":"https:\/\/schema.org","@graph":[{"@type":"WebPage","@id":"https:\/\/cruffin.ee\/shop\/rostitud-tomati-x-parmesani-croissant\/","url":"https:\/\/cruffin.ee\/shop\/rostitud-tomati-x-parmesani-croissant\/","name":"R\u00f6stitud tomati x parmesani croissant - Cruffin Saiatehas","isPartOf":{"@id":"https:\/\/cruffin.ee\/#website"},"primaryImageOfPage":{"@id":"https:\/\/cruffin.ee\/shop\/rostitud-tomati-x-parmesani-croissant\/#primaryimage"},"image":{"@id":"https:\/\/cruffin.ee\/shop\/rostitud-tomati-x-parmesani-croissant\/#primaryimage"},"thumbnailUrl":"https:\/\/cruffin.ee\/wp-content\/uploads\/2023\/09\/APC_0269.jpg","datePublished":"2021-12-20T10:22:56+00:00","dateModified":"2026-03-09T10:13:52+00:00","breadcrumb":{"@id":"https:\/\/cruffin.ee\/shop\/rostitud-tomati-x-parmesani-croissant\/#breadcrumb"},"inLanguage":"en-GB","potentialAction":[{"@type":"ReadAction","target":["https:\/\/cruffin.ee\/shop\/rostitud-tomati-x-parmesani-croissant\/"]}]},{"@type":"ImageObject","inLanguage":"en-GB","@id":"https:\/\/cruffin.ee\/shop\/rostitud-tomati-x-parmesani-croissant\/#primaryimage","url":"https:\/\/cruffin.ee\/wp-content\/uploads\/2023\/09\/APC_0269.jpg","contentUrl":"https:\/\/cruffin.ee\/wp-content\/uploads\/2023\/09\/APC_0269.jpg","width":2048,"height":1536},{"@type":"BreadcrumbList","@id":"https:\/\/cruffin.ee\/shop\/rostitud-tomati-x-parmesani-croissant\/#breadcrumb","itemListElement":[{"@type":"ListItem","position":1,"name":"Home","item":"https:\/\/cruffin.ee\/"},{"@type":"ListItem","position":2,"name":"Cruffini E-pood","item":"https:\/\/cruffin.ee\/shop\/"},{"@type":"ListItem","position":3,"name":"R\u00f6stitud tomati x parmesani croissant"}]},{"@type":"WebSite","@id":"https:\/\/cruffin.ee\/#website","url":"https:\/\/cruffin.ee\/","name":"Cruffin Tartus","description":"Pagari\u00e4ri Tartus","publisher":{"@id":"https:\/\/cruffin.ee\/#organization"},"potentialAction":[{"@type":"SearchAction","target":{"@type":"EntryPoint","urlTemplate":"https:\/\/cruffin.ee\/?s={search_term_string}"},"query-input":{"@type":"PropertyValueSpecification","valueRequired":true,"valueName":"search_term_string"}}],"inLanguage":"en-GB"},{"@type":"Organization","@id":"https:\/\/cruffin.ee\/#organization","name":"Cruffin Tartu","url":"https:\/\/cruffin.ee\/","logo":{"@type":"ImageObject","inLanguage":"en-GB","@id":"https:\/\/cruffin.ee\/#\/schema\/logo\/image\/","url":"https:\/\/cruffin.ee\/wp-content\/uploads\/2026\/01\/croissanterie\u2022sourdough\u2022-speciality-coffee-2000-x-846-px-1-scaled.png","contentUrl":"https:\/\/cruffin.ee\/wp-content\/uploads\/2026\/01\/croissanterie\u2022sourdough\u2022-speciality-coffee-2000-x-846-px-1-scaled.png","width":2560,"height":1083,"caption":"Cruffin Tartu"},"image":{"@id":"https:\/\/cruffin.ee\/#\/schema\/logo\/image\/"}}]}},"_links":{"self":[{"href":"https:\/\/cruffin.ee\/en\/wp-json\/wp\/v2\/product\/1234","targetHints":{"allow":["GET"]}}],"collection":[{"href":"https:\/\/cruffin.ee\/en\/wp-json\/wp\/v2\/product"}],"about":[{"href":"https:\/\/cruffin.ee\/en\/wp-json\/wp\/v2\/types\/product"}],"wp:featuredmedia":[{"embeddable":true,"href":"https:\/\/cruffin.ee\/en\/wp-json\/wp\/v2\/media\/4842"}],"wp:attachment":[{"href":"https:\/\/cruffin.ee\/en\/wp-json\/wp\/v2\/media?parent=1234"}],"wp:term":[{"taxonomy":"product_brand","embeddable":true,"href":"https:\/\/cruffin.ee\/en\/wp-json\/wp\/v2\/product_brand?post=1234"},{"taxonomy":"product_cat","embeddable":true,"href":"https:\/\/cruffin.ee\/en\/wp-json\/wp\/v2\/product_cat?post=1234"},{"taxonomy":"product_tag","embeddable":true,"href":"https:\/\/cruffin.ee\/en\/wp-json\/wp\/v2\/product_tag?post=1234"}],"curies":[{"name":"wp","href":"https:\/\/api.w.org\/{rel}","templated":true}]}}