{"id":4650,"date":"2025-09-10T17:27:15","date_gmt":"2025-09-10T14:27:15","guid":{"rendered":"https:\/\/cruffin.ee\/?page_id=4650"},"modified":"2026-01-19T13:58:32","modified_gmt":"2026-01-19T10:58:32","slug":"hapusai","status":"publish","type":"page","link":"https:\/\/cruffin.ee\/en\/hapusai\/","title":{"rendered":"Hapusai"},"content":{"rendered":"<div data-elementor-type=\"wp-page\" data-elementor-id=\"4650\" class=\"elementor elementor-4650\" data-elementor-post-type=\"page\">\n\t\t\t\t\t\t<section class=\"elementor-section elementor-top-section elementor-element elementor-element-18fd446 elementor-section-boxed elementor-section-height-default elementor-section-height-default\" data-id=\"18fd446\" data-element_type=\"section\" data-e-type=\"section\">\n\t\t\t\t\t\t<div class=\"elementor-container elementor-column-gap-default\">\n\t\t\t\t\t<div class=\"elementor-column elementor-col-100 elementor-top-column elementor-element elementor-element-f82d491\" data-id=\"f82d491\" data-element_type=\"column\" data-e-type=\"column\">\n\t\t\t<div class=\"elementor-widget-wrap\">\n\t\t\t\t\t\t\t<\/div>\n\t\t<\/div>\n\t\t\t\t\t<\/div>\n\t\t<\/section>\n\t\t\t\t<section class=\"elementor-section elementor-top-section elementor-element elementor-element-36ab956 elementor-section-boxed elementor-section-height-default elementor-section-height-default\" data-id=\"36ab956\" data-element_type=\"section\" data-e-type=\"section\">\n\t\t\t\t\t\t<div class=\"elementor-container elementor-column-gap-default\">\n\t\t\t\t\t<div class=\"elementor-column elementor-col-100 elementor-top-column elementor-element elementor-element-67b0250\" data-id=\"67b0250\" data-element_type=\"column\" data-e-type=\"column\">\n\t\t\t<div class=\"elementor-widget-wrap\">\n\t\t\t\t\t\t\t<\/div>\n\t\t<\/div>\n\t\t\t\t\t<\/div>\n\t\t<\/section>\n\t\t\t\t<section class=\"elementor-section elementor-top-section elementor-element elementor-element-4c3c40c3 elementor-section-boxed elementor-section-height-default elementor-section-height-default\" data-id=\"4c3c40c3\" data-element_type=\"section\" data-e-type=\"section\">\n\t\t\t\t\t\t<div class=\"elementor-container elementor-column-gap-default\">\n\t\t\t\t\t<div class=\"elementor-column elementor-col-100 elementor-top-column elementor-element elementor-element-944fd28\" data-id=\"944fd28\" data-element_type=\"column\" data-e-type=\"column\">\n\t\t\t<div class=\"elementor-widget-wrap\">\n\t\t\t\t\t\t\t<\/div>\n\t\t<\/div>\n\t\t\t\t\t<\/div>\n\t\t<\/section>\n\t\t\t\t<\/div>","protected":false},"excerpt":{"rendered":"","protected":false},"author":1,"featured_media":0,"parent":0,"menu_order":0,"comment_status":"closed","ping_status":"closed","template":"","meta":{"site-sidebar-layout":"no-sidebar","site-content-layout":"page-builder","ast-site-content-layout":"full-width-container","site-content-style":"default","site-sidebar-style":"default","ast-global-header-display":"","ast-banner-title-visibility":"","ast-main-header-display":"","ast-hfb-above-header-display":"","ast-hfb-below-header-display":"","ast-hfb-mobile-header-display":"","site-post-title":"disabled","ast-breadcrumbs-content":"","ast-featured-img":"disabled","footer-sml-layout":"","ast-disable-related-posts":"","theme-transparent-header-meta":"default","adv-header-id-meta":"","stick-header-meta":"","header-above-stick-meta":"","header-main-stick-meta":"","header-below-stick-meta":"","astra-migrate-meta-layouts":"set","ast-page-background-enabled":"default","ast-page-background-meta":{"desktop":{"background-color":"","background-image":"","background-repeat":"repeat","background-position":"center center","background-size":"auto","background-attachment":"scroll","background-type":"","background-media":"","overlay-type":"","overlay-color":"","overlay-opacity":"","overlay-gradient":""},"tablet":{"background-color":"","background-image":"","background-repeat":"repeat","background-position":"center center","background-size":"auto","background-attachment":"scroll","background-type":"","background-media":"","overlay-type":"","overlay-color":"","overlay-opacity":"","overlay-gradient":""},"mobile":{"background-color":"","background-image":"","background-repeat":"repeat","background-position":"center center","background-size":"auto","background-attachment":"scroll","background-type":"","background-media":"","overlay-type":"","overlay-color":"","overlay-opacity":"","overlay-gradient":""}},"ast-content-background-meta":{"desktop":{"background-color":"var(--ast-global-color-5)","background-image":"","background-repeat":"repeat","background-position":"center center","background-size":"auto","background-attachment":"scroll","background-type":"","background-media":"","overlay-type":"","overlay-color":"","overlay-opacity":"","overlay-gradient":""},"tablet":{"background-color":"var(--ast-global-color-5)","background-image":"","background-repeat":"repeat","background-position":"center center","background-size":"auto","background-attachment":"scroll","background-type":"","background-media":"","overlay-type":"","overlay-color":"","overlay-opacity":"","overlay-gradient":""},"mobile":{"background-color":"var(--ast-global-color-5)","background-image":"","background-repeat":"repeat","background-position":"center center","background-size":"auto","background-attachment":"scroll","background-type":"","background-media":"","overlay-type":"","overlay-color":"","overlay-opacity":"","overlay-gradient":""}},"footnotes":""},"class_list":["post-4650","page","type-page","status-publish","hentry"],"yoast_head":"<!-- This site is optimized with the Yoast SEO plugin v27.4 - https:\/\/yoast.com\/product\/yoast-seo-wordpress\/ -->\n<title>Cruffini hapusai Tartus \u2013 juuretisega ja ehe<\/title>\n<meta name=\"description\" content=\"Cruffini hapusai valmib 3 p\u00e4evaga juuretisest, jahust, veest ja soolast. Kr\u00f5be koorik, \u00f5huline sisu - ideaalne koos meie pruuni v\u00f5iga.\" \/>\n<meta name=\"robots\" content=\"index, follow, max-snippet:-1, max-image-preview:large, max-video-preview:-1\" \/>\n<link rel=\"canonical\" href=\"https:\/\/cruffin.ee\/en\/hapusai\/\" \/>\n<meta property=\"og:locale\" content=\"en_GB\" \/>\n<meta property=\"og:type\" content=\"article\" \/>\n<meta property=\"og:title\" content=\"Cruffini hapusai Tartus \u2013 juuretisega ja ehe\" \/>\n<meta property=\"og:description\" content=\"Cruffini hapusai valmib 3 p\u00e4evaga juuretisest, jahust, veest ja soolast. Kr\u00f5be koorik, \u00f5huline sisu - ideaalne koos meie pruuni v\u00f5iga.\" \/>\n<meta property=\"og:url\" content=\"https:\/\/cruffin.ee\/en\/hapusai\/\" \/>\n<meta property=\"og:site_name\" content=\"Cruffin Saiatehas\" \/>\n<meta property=\"article:modified_time\" content=\"2026-01-19T10:58:32+00:00\" \/>\n<meta name=\"twitter:card\" content=\"summary_large_image\" \/>\n<script type=\"application\/ld+json\" class=\"yoast-schema-graph\">{\"@context\":\"https:\\\/\\\/schema.org\",\"@graph\":[{\"@type\":\"WebPage\",\"@id\":\"https:\\\/\\\/cruffin.ee\\\/hapusai\\\/\",\"url\":\"https:\\\/\\\/cruffin.ee\\\/hapusai\\\/\",\"name\":\"Cruffini hapusai Tartus \u2013 juuretisega ja ehe\",\"isPartOf\":{\"@id\":\"https:\\\/\\\/cruffin.ee\\\/#website\"},\"datePublished\":\"2025-09-10T14:27:15+00:00\",\"dateModified\":\"2026-01-19T10:58:32+00:00\",\"description\":\"Cruffini hapusai valmib 3 p\u00e4evaga juuretisest, jahust, veest ja soolast. Kr\u00f5be koorik, \u00f5huline sisu - ideaalne koos meie pruuni v\u00f5iga.\",\"breadcrumb\":{\"@id\":\"https:\\\/\\\/cruffin.ee\\\/hapusai\\\/#breadcrumb\"},\"inLanguage\":\"en-GB\",\"potentialAction\":[{\"@type\":\"ReadAction\",\"target\":[\"https:\\\/\\\/cruffin.ee\\\/hapusai\\\/\"]}]},{\"@type\":\"BreadcrumbList\",\"@id\":\"https:\\\/\\\/cruffin.ee\\\/hapusai\\\/#breadcrumb\",\"itemListElement\":[{\"@type\":\"ListItem\",\"position\":1,\"name\":\"Home\",\"item\":\"https:\\\/\\\/cruffin.ee\\\/\"},{\"@type\":\"ListItem\",\"position\":2,\"name\":\"Hapusai\"}]},{\"@type\":\"WebSite\",\"@id\":\"https:\\\/\\\/cruffin.ee\\\/#website\",\"url\":\"https:\\\/\\\/cruffin.ee\\\/\",\"name\":\"Cruffin Tartus\",\"description\":\"Pagari\u00e4ri Tartus\",\"publisher\":{\"@id\":\"https:\\\/\\\/cruffin.ee\\\/#organization\"},\"potentialAction\":[{\"@type\":\"SearchAction\",\"target\":{\"@type\":\"EntryPoint\",\"urlTemplate\":\"https:\\\/\\\/cruffin.ee\\\/?s={search_term_string}\"},\"query-input\":{\"@type\":\"PropertyValueSpecification\",\"valueRequired\":true,\"valueName\":\"search_term_string\"}}],\"inLanguage\":\"en-GB\"},{\"@type\":\"Organization\",\"@id\":\"https:\\\/\\\/cruffin.ee\\\/#organization\",\"name\":\"Cruffin Tartu\",\"url\":\"https:\\\/\\\/cruffin.ee\\\/\",\"logo\":{\"@type\":\"ImageObject\",\"inLanguage\":\"en-GB\",\"@id\":\"https:\\\/\\\/cruffin.ee\\\/#\\\/schema\\\/logo\\\/image\\\/\",\"url\":\"https:\\\/\\\/cruffin.ee\\\/wp-content\\\/uploads\\\/2026\\\/01\\\/croissanterie\u2022sourdough\u2022-speciality-coffee-2000-x-846-px-1-scaled.png\",\"contentUrl\":\"https:\\\/\\\/cruffin.ee\\\/wp-content\\\/uploads\\\/2026\\\/01\\\/croissanterie\u2022sourdough\u2022-speciality-coffee-2000-x-846-px-1-scaled.png\",\"width\":2560,\"height\":1083,\"caption\":\"Cruffin Tartu\"},\"image\":{\"@id\":\"https:\\\/\\\/cruffin.ee\\\/#\\\/schema\\\/logo\\\/image\\\/\"}}]}<\/script>\n<!-- \/ Yoast SEO plugin. -->","yoast_head_json":{"title":"Cruffini hapusai Tartus \u2013 juuretisega ja ehe","description":"Cruffini hapusai valmib 3 p\u00e4evaga juuretisest, jahust, veest ja soolast. Kr\u00f5be koorik, \u00f5huline sisu - ideaalne koos meie pruuni v\u00f5iga.","robots":{"index":"index","follow":"follow","max-snippet":"max-snippet:-1","max-image-preview":"max-image-preview:large","max-video-preview":"max-video-preview:-1"},"canonical":"https:\/\/cruffin.ee\/en\/hapusai\/","og_locale":"en_GB","og_type":"article","og_title":"Cruffini hapusai Tartus \u2013 juuretisega ja ehe","og_description":"Cruffini hapusai valmib 3 p\u00e4evaga juuretisest, jahust, veest ja soolast. Kr\u00f5be koorik, \u00f5huline sisu - ideaalne koos meie pruuni v\u00f5iga.","og_url":"https:\/\/cruffin.ee\/en\/hapusai\/","og_site_name":"Cruffin Saiatehas","article_modified_time":"2026-01-19T10:58:32+00:00","twitter_card":"summary_large_image","schema":{"@context":"https:\/\/schema.org","@graph":[{"@type":"WebPage","@id":"https:\/\/cruffin.ee\/hapusai\/","url":"https:\/\/cruffin.ee\/hapusai\/","name":"Cruffini hapusai Tartus \u2013 juuretisega ja ehe","isPartOf":{"@id":"https:\/\/cruffin.ee\/#website"},"datePublished":"2025-09-10T14:27:15+00:00","dateModified":"2026-01-19T10:58:32+00:00","description":"Cruffini hapusai valmib 3 p\u00e4evaga juuretisest, jahust, veest ja soolast. Kr\u00f5be koorik, \u00f5huline sisu - ideaalne koos meie pruuni v\u00f5iga.","breadcrumb":{"@id":"https:\/\/cruffin.ee\/hapusai\/#breadcrumb"},"inLanguage":"en-GB","potentialAction":[{"@type":"ReadAction","target":["https:\/\/cruffin.ee\/hapusai\/"]}]},{"@type":"BreadcrumbList","@id":"https:\/\/cruffin.ee\/hapusai\/#breadcrumb","itemListElement":[{"@type":"ListItem","position":1,"name":"Home","item":"https:\/\/cruffin.ee\/"},{"@type":"ListItem","position":2,"name":"Hapusai"}]},{"@type":"WebSite","@id":"https:\/\/cruffin.ee\/#website","url":"https:\/\/cruffin.ee\/","name":"Cruffin Tartus","description":"Pagari\u00e4ri Tartus","publisher":{"@id":"https:\/\/cruffin.ee\/#organization"},"potentialAction":[{"@type":"SearchAction","target":{"@type":"EntryPoint","urlTemplate":"https:\/\/cruffin.ee\/?s={search_term_string}"},"query-input":{"@type":"PropertyValueSpecification","valueRequired":true,"valueName":"search_term_string"}}],"inLanguage":"en-GB"},{"@type":"Organization","@id":"https:\/\/cruffin.ee\/#organization","name":"Cruffin Tartu","url":"https:\/\/cruffin.ee\/","logo":{"@type":"ImageObject","inLanguage":"en-GB","@id":"https:\/\/cruffin.ee\/#\/schema\/logo\/image\/","url":"https:\/\/cruffin.ee\/wp-content\/uploads\/2026\/01\/croissanterie\u2022sourdough\u2022-speciality-coffee-2000-x-846-px-1-scaled.png","contentUrl":"https:\/\/cruffin.ee\/wp-content\/uploads\/2026\/01\/croissanterie\u2022sourdough\u2022-speciality-coffee-2000-x-846-px-1-scaled.png","width":2560,"height":1083,"caption":"Cruffin Tartu"},"image":{"@id":"https:\/\/cruffin.ee\/#\/schema\/logo\/image\/"}}]}},"_links":{"self":[{"href":"https:\/\/cruffin.ee\/en\/wp-json\/wp\/v2\/pages\/4650","targetHints":{"allow":["GET"]}}],"collection":[{"href":"https:\/\/cruffin.ee\/en\/wp-json\/wp\/v2\/pages"}],"about":[{"href":"https:\/\/cruffin.ee\/en\/wp-json\/wp\/v2\/types\/page"}],"author":[{"embeddable":true,"href":"https:\/\/cruffin.ee\/en\/wp-json\/wp\/v2\/users\/1"}],"replies":[{"embeddable":true,"href":"https:\/\/cruffin.ee\/en\/wp-json\/wp\/v2\/comments?post=4650"}],"version-history":[{"count":0,"href":"https:\/\/cruffin.ee\/en\/wp-json\/wp\/v2\/pages\/4650\/revisions"}],"wp:attachment":[{"href":"https:\/\/cruffin.ee\/en\/wp-json\/wp\/v2\/media?parent=4650"}],"curies":[{"name":"wp","href":"https:\/\/api.w.org\/{rel}","templated":true}]}}